{"id":258,"date":"2021-12-16T16:47:38","date_gmt":"2021-12-16T23:47:38","guid":{"rendered":"https:\/\/dev6.rtd.asu.edu\/?page_id=258"},"modified":"2022-01-20T13:34:03","modified_gmt":"2022-01-20T20:34:03","slug":"dissemination-of-an-efficacious-youth-prevention-program-in-mexico","status":"publish","type":"page","link":"https:\/\/globalfutures.asu.edu\/sustainabilityoutcomes\/dissemination-of-an-efficacious-youth-prevention-program-in-mexico\/","title":{"rendered":"Dissemination of an Efficacious Youth Prevention Program in Mexico"},"content":{"rendered":"<div class=\"wp-bootstrap-blocks-container container mb-0 my-6 my-xl-12\">\n\t\n\n<h2 class=\"wp-block-heading\"><span class=\"highlight-gold\">Dissemination of an Efficacious Youth Prevention Program in Mexico<\/span><\/h2>\n\n\n\n<p>The need for more effective and sustainable prevention efforts in Mexico is increasingly urgent. Sharp increases in substance use rates among Mexican youth are a major concern, particularly along the US-Mexico border, where many are experiencing a disproportionate burden of violence, substance abuse, and pervasive poverty. Keepin \u2018it REAL (kiR) is a school-based multicultural substance use prevention program for students between 12 and 14 years of age and is designed to help students assess the risks associated with substance abuse, improve their decision-making process and resistance strategies, improve anti-drug beliefs and regulatory attitudes, and reduce substance use. This narratives and performance-based curriculum are based on theories of communicative competence and on a culturally-based resilience model which incorporate practices and traditional ethnic values to protect against substance abuse.<\/p>\n\n\n\n<p>This GCSO-funded project will adapt Keepin \u2018it REAL to adolescents living along Mexico\u2019s northern border region, starting in Tijuana. Keepin &#8216;it REAL utilizes 12 weekly classroom lessons, 5 videos demonstrating drug resistance strategies, and school-wide booster activities. Through these efforts, collaborators aim to achieve a collective positive impact on adolescent substance use prevention in Mexico and build a suite of educators who are qualified and certified as&nbsp;kiR&nbsp;Master Trainers through a Training of Trainers (ToT) model to spread the program.<\/p>\n\n\n\n<p><strong>In one year of GCSO funding, this project will:<\/strong><\/p>\n\n\n\n<ul class=\"uds-list wp-block-list\"><li>Implement Keepin \u2018it REAL to adolescents in Tijuana<\/li><li>Train Keepin \u2018it REAL Master Trainers<\/li><li>Evaluate and improve the program for adaptation to the broader northern border region<\/li><\/ul>\n\n\n\n<p><strong>GCSO Participants:<\/strong><br><em>Universidad Nacional Aut\u00f3noma de M\u00e9xico (UNAM)<\/em><\/p>\n\n\n\n<ol class=\"uds-list wp-block-list\"><li>Mar\u00eda Elena Medina Mora, Facultad de Psicolog\u00eda<\/li><li>Germ\u00e1n Palafox, Facultad de Psicolog\u00eda<\/li><\/ol>\n\n\n\n<p><em>Arizona State University (ASU)<\/em><\/p>\n\n\n\n<ol class=\"uds-list wp-block-list\"><li><a href=\"https:\/\/socialwork.asu.edu\/content\/flavio-marsiglia\" rel=\"noreferrer noopener\" target=\"_blank\">Flavio Marsiglia<\/a>, Global Center for Applied Health Research<\/li><\/ol>\n\n\n\n<p><strong>Implementing Partners:<\/strong><\/p>\n\n\n\n<ul class=\"uds-list wp-block-list\"><li>Fundaci\u00f3n Nacional Ambar<\/li><li>Gobierno del Estado Libre y Soberano de Baja California<\/li><li>Instituto Nacional de Psiquiatr\u00eda Ram\u00f3n de la Fuente Mu\u00f1iz<\/li><li>El Colegio de la Frontera Norte<\/li><\/ul>\n\n<\/div>\n","protected":false},"excerpt":{"rendered":"","protected":false},"author":5,"featured_media":0,"parent":0,"menu_order":0,"comment_status":"closed","ping_status":"closed","template":"","meta":{"_acf_changed":false,"footnotes":""},"class_list":["post-258","page","type-page","status-publish","hentry"],"uds_featured_image":null,"acf":[],"yoast_head":"<!-- This site is optimized with the Yoast SEO plugin v27.5 - https:\/\/yoast.com\/product\/yoast-seo-wordpress\/ -->\n<title>Dissemination of an Efficacious Youth Prevention Program in Mexico - Global Consortium for Sustainability Outcomes<\/title>\n<meta name=\"robots\" content=\"index, follow, max-snippet:-1, max-image-preview:large, max-video-preview:-1\" \/>\n<link rel=\"canonical\" href=\"https:\/\/globalfutures.asu.edu\/sustainabilityoutcomes\/dissemination-of-an-efficacious-youth-prevention-program-in-mexico\/\" \/>\n<meta property=\"og:locale\" content=\"en_US\" \/>\n<meta property=\"og:type\" content=\"article\" \/>\n<meta property=\"og:title\" content=\"Dissemination of an Efficacious Youth Prevention Program in Mexico - Global Consortium for Sustainability Outcomes\" \/>\n<meta property=\"og:url\" content=\"https:\/\/globalfutures.asu.edu\/sustainabilityoutcomes\/dissemination-of-an-efficacious-youth-prevention-program-in-mexico\/\" \/>\n<meta property=\"og:site_name\" content=\"Global Consortium for Sustainability Outcomes\" \/>\n<meta property=\"article:modified_time\" content=\"2022-01-20T20:34:03+00:00\" \/>\n<meta name=\"twitter:card\" content=\"summary_large_image\" \/>\n<meta name=\"twitter:label1\" content=\"Est. reading time\" \/>\n\t<meta name=\"twitter:data1\" content=\"2 minutes\" \/>\n<script type=\"application\/ld+json\" class=\"yoast-schema-graph\">{\"@context\":\"https:\\\/\\\/schema.org\",\"@graph\":[{\"@type\":\"WebPage\",\"@id\":\"https:\\\/\\\/globalfutures.asu.edu\\\/sustainabilityoutcomes\\\/dissemination-of-an-efficacious-youth-prevention-program-in-mexico\\\/\",\"url\":\"https:\\\/\\\/globalfutures.asu.edu\\\/sustainabilityoutcomes\\\/dissemination-of-an-efficacious-youth-prevention-program-in-mexico\\\/\",\"name\":\"Dissemination of an Efficacious Youth Prevention Program in Mexico - Global Consortium for Sustainability Outcomes\",\"isPartOf\":{\"@id\":\"https:\\\/\\\/globalfutures.asu.edu\\\/sustainabilityoutcomes\\\/#website\"},\"datePublished\":\"2021-12-16T23:47:38+00:00\",\"dateModified\":\"2022-01-20T20:34:03+00:00\",\"breadcrumb\":{\"@id\":\"https:\\\/\\\/globalfutures.asu.edu\\\/sustainabilityoutcomes\\\/dissemination-of-an-efficacious-youth-prevention-program-in-mexico\\\/#breadcrumb\"},\"inLanguage\":\"en-US\",\"potentialAction\":[{\"@type\":\"ReadAction\",\"target\":[\"https:\\\/\\\/globalfutures.asu.edu\\\/sustainabilityoutcomes\\\/dissemination-of-an-efficacious-youth-prevention-program-in-mexico\\\/\"]}]},{\"@type\":\"BreadcrumbList\",\"@id\":\"https:\\\/\\\/globalfutures.asu.edu\\\/sustainabilityoutcomes\\\/dissemination-of-an-efficacious-youth-prevention-program-in-mexico\\\/#breadcrumb\",\"itemListElement\":[{\"@type\":\"ListItem\",\"position\":1,\"name\":\"Home\",\"item\":\"https:\\\/\\\/globalfutures.asu.edu\\\/sustainabilityoutcomes\\\/\"},{\"@type\":\"ListItem\",\"position\":2,\"name\":\"Dissemination of an Efficacious Youth Prevention Program in Mexico\"}]},{\"@type\":\"WebSite\",\"@id\":\"https:\\\/\\\/globalfutures.asu.edu\\\/sustainabilityoutcomes\\\/#website\",\"url\":\"https:\\\/\\\/globalfutures.asu.edu\\\/sustainabilityoutcomes\\\/\",\"name\":\"Global Consortium for Sustainability Outcomes\",\"description\":\"\",\"potentialAction\":[{\"@type\":\"SearchAction\",\"target\":{\"@type\":\"EntryPoint\",\"urlTemplate\":\"https:\\\/\\\/globalfutures.asu.edu\\\/sustainabilityoutcomes\\\/?s={search_term_string}\"},\"query-input\":{\"@type\":\"PropertyValueSpecification\",\"valueRequired\":true,\"valueName\":\"search_term_string\"}}],\"inLanguage\":\"en-US\"}]}<\/script>\n<!-- \/ Yoast SEO plugin. -->","yoast_head_json":{"title":"Dissemination of an Efficacious Youth Prevention Program in Mexico - Global Consortium for Sustainability Outcomes","robots":{"index":"index","follow":"follow","max-snippet":"max-snippet:-1","max-image-preview":"max-image-preview:large","max-video-preview":"max-video-preview:-1"},"canonical":"https:\/\/globalfutures.asu.edu\/sustainabilityoutcomes\/dissemination-of-an-efficacious-youth-prevention-program-in-mexico\/","og_locale":"en_US","og_type":"article","og_title":"Dissemination of an Efficacious Youth Prevention Program in Mexico - Global Consortium for Sustainability Outcomes","og_url":"https:\/\/globalfutures.asu.edu\/sustainabilityoutcomes\/dissemination-of-an-efficacious-youth-prevention-program-in-mexico\/","og_site_name":"Global Consortium for Sustainability Outcomes","article_modified_time":"2022-01-20T20:34:03+00:00","twitter_card":"summary_large_image","twitter_misc":{"Est. reading time":"2 minutes"},"schema":{"@context":"https:\/\/schema.org","@graph":[{"@type":"WebPage","@id":"https:\/\/globalfutures.asu.edu\/sustainabilityoutcomes\/dissemination-of-an-efficacious-youth-prevention-program-in-mexico\/","url":"https:\/\/globalfutures.asu.edu\/sustainabilityoutcomes\/dissemination-of-an-efficacious-youth-prevention-program-in-mexico\/","name":"Dissemination of an Efficacious Youth Prevention Program in Mexico - Global Consortium for Sustainability Outcomes","isPartOf":{"@id":"https:\/\/globalfutures.asu.edu\/sustainabilityoutcomes\/#website"},"datePublished":"2021-12-16T23:47:38+00:00","dateModified":"2022-01-20T20:34:03+00:00","breadcrumb":{"@id":"https:\/\/globalfutures.asu.edu\/sustainabilityoutcomes\/dissemination-of-an-efficacious-youth-prevention-program-in-mexico\/#breadcrumb"},"inLanguage":"en-US","potentialAction":[{"@type":"ReadAction","target":["https:\/\/globalfutures.asu.edu\/sustainabilityoutcomes\/dissemination-of-an-efficacious-youth-prevention-program-in-mexico\/"]}]},{"@type":"BreadcrumbList","@id":"https:\/\/globalfutures.asu.edu\/sustainabilityoutcomes\/dissemination-of-an-efficacious-youth-prevention-program-in-mexico\/#breadcrumb","itemListElement":[{"@type":"ListItem","position":1,"name":"Home","item":"https:\/\/globalfutures.asu.edu\/sustainabilityoutcomes\/"},{"@type":"ListItem","position":2,"name":"Dissemination of an Efficacious Youth Prevention Program in Mexico"}]},{"@type":"WebSite","@id":"https:\/\/globalfutures.asu.edu\/sustainabilityoutcomes\/#website","url":"https:\/\/globalfutures.asu.edu\/sustainabilityoutcomes\/","name":"Global Consortium for Sustainability Outcomes","description":"","potentialAction":[{"@type":"SearchAction","target":{"@type":"EntryPoint","urlTemplate":"https:\/\/globalfutures.asu.edu\/sustainabilityoutcomes\/?s={search_term_string}"},"query-input":{"@type":"PropertyValueSpecification","valueRequired":true,"valueName":"search_term_string"}}],"inLanguage":"en-US"}]}},"_links":{"self":[{"href":"https:\/\/globalfutures.asu.edu\/sustainabilityoutcomes\/wp-json\/wp\/v2\/pages\/258","targetHints":{"allow":["GET"]}}],"collection":[{"href":"https:\/\/globalfutures.asu.edu\/sustainabilityoutcomes\/wp-json\/wp\/v2\/pages"}],"about":[{"href":"https:\/\/globalfutures.asu.edu\/sustainabilityoutcomes\/wp-json\/wp\/v2\/types\/page"}],"author":[{"embeddable":true,"href":"https:\/\/globalfutures.asu.edu\/sustainabilityoutcomes\/wp-json\/wp\/v2\/users\/5"}],"replies":[{"embeddable":true,"href":"https:\/\/globalfutures.asu.edu\/sustainabilityoutcomes\/wp-json\/wp\/v2\/comments?post=258"}],"version-history":[{"count":0,"href":"https:\/\/globalfutures.asu.edu\/sustainabilityoutcomes\/wp-json\/wp\/v2\/pages\/258\/revisions"}],"wp:attachment":[{"href":"https:\/\/globalfutures.asu.edu\/sustainabilityoutcomes\/wp-json\/wp\/v2\/media?parent=258"}],"curies":[{"name":"wp","href":"https:\/\/api.w.org\/{rel}","templated":true}]}}